{"id":206,"date":"2017-03-10T12:13:08","date_gmt":"2017-03-10T10:13:08","guid":{"rendered":"https:\/\/www.textiletempo.com\/en\/?page_id=206"},"modified":"2017-03-10T12:13:08","modified_gmt":"2017-03-10T10:13:08","slug":"corporate","status":"publish","type":"page","link":"https:\/\/www.textiletempo.com\/en\/corporate\/","title":{"rendered":"Corporate"},"content":{"rendered":"<div class=\"wpb-content-wrapper\"><p>[vc_row][vc_column][vc_empty_space][\/vc_column][\/vc_row][vc_row][vc_column width=&#8221;2\/3&#8243;][vc_column_text]<\/p>\n<h2>ABOUT US<\/h2>\n<p>\u201cTEXT\u0130LE TEMPO ET\u0130KET\u201d 1991 y\u0131l\u0131nda kurulmu\u015f olup sekt\u00f6rde \u00f6nc\u00fc olmu\u015f ve g\u00fcn\u00fcm\u00fcze kadar korumu\u015ftur. \u201cTEXT\u0130LE TEMPO ET\u0130KET\u201d m\u00fc\u015fteri memnuniyetini, s\u00fcrekli geli\u015fmeyi, kaliteyi, ekip \u00e7al\u0131\u015fmas\u0131n\u0131, sosyal sorumlulu\u011fu, profesyonel y\u00f6netim anlay\u0131\u015f\u0131n\u0131, teknolojik geli\u015fmelere uygunlu\u011fu ve payla\u015f\u0131m\u0131 esas alan bir anlay\u0131\u015fla sekt\u00f6r\u00fcnde lider bir kurulu\u015f olmay\u0131 ba\u015farm\u0131\u015ft\u0131r. Ayr\u0131ca belirlemi\u015f oldu\u011fumuz bu ilkeler \u00e7er\u00e7evesinde m\u00fc\u015fterilerimize, onlar\u0131n sorumlu oldu\u011fu ki\u015fi ve \u015firketlere, \u00e7al\u0131\u015fanlar\u0131m\u0131za, sorumlu bulundu\u011fumuz t\u00fcm ki\u015fi, sekt\u00f6r ve kurumsal firmalara, kar\u015f\u0131 \u00f6rnek bir kurum yap\u0131s\u0131 olu\u015fturmak en belirgin hedefimizdir.<\/p>\n<h2>VISION<\/h2>\n<p>Sekt\u00f6rde fark yaratan liderli\u011fimizi s\u00fcrd\u00fcrmek, m\u00fc\u015fterilerimize rekabet avantaj\u0131 sa\u011flamak, sekt\u00f6r\u00fcn geli\u015ftirilmesine ve \u00fclke ekonomisine de\u011fer katmakt\u0131r. Basit, verimli, etkili \u00fcr\u00fcnler sunmakt\u0131r.<\/p>\n<h2>MISION<\/h2>\n<p>M\u00fc\u015fterilerimize y\u00fcksek kalite ve g\u00fcven ileri teknoloji ile benzeri konular\u0131nda uzman kadro ile hizmet etmek teknoloji ve modernizasyona \u00f6nem veren y\u00f6netim anlay\u0131\u015f\u0131m\u0131z uzman kadromuz ile birlikte, ismimizi sekt\u00f6rde bir ad\u0131m \u00f6ne \u00e7\u0131karmak ve sekt\u00f6rde \u00f6nc\u00fc etiket firmas\u0131 olmaya devam etmektir.[\/vc_column_text][\/vc_column][vc_column width=&#8221;1\/3&#8243;][vc_single_image image=&#8221;95&#8243; img_size=&#8221;full&#8221; alignment=&#8221;right&#8221; style=&#8221;vc_box_shadow&#8221; onclick=&#8221;link_image&#8221;][\/vc_column][\/vc_row]<\/p>\n<\/div>","protected":false},"excerpt":{"rendered":"<p>[vc_row][vc_column][vc_empty_space][\/vc_column][\/vc_row][vc_row][vc_column width=&#8221;2\/3&#8243;][vc_column_text] ABOUT US \u201cTEXT\u0130LE TEMPO ET\u0130KET\u201d 1991 y\u0131l\u0131nda kurulmu\u015f olup sekt\u00f6rde \u00f6nc\u00fc olmu\u015f ve g\u00fcn\u00fcm\u00fcze kadar korumu\u015ftur. \u201cTEXT\u0130LE TEMPO ET\u0130KET\u201d m\u00fc\u015fteri memnuniyetini, s\u00fcrekli geli\u015fmeyi, kaliteyi, [&hellip;]<\/p>\n","protected":false},"author":1,"featured_media":0,"parent":0,"menu_order":0,"comment_status":"closed","ping_status":"closed","template":"","meta":{"footnotes":""},"class_list":["post-206","page","type-page","status-publish","hentry"],"_links":{"self":[{"href":"https:\/\/www.textiletempo.com\/en\/wp-json\/wp\/v2\/pages\/206","targetHints":{"allow":["GET"]}}],"collection":[{"href":"https:\/\/www.textiletempo.com\/en\/wp-json\/wp\/v2\/pages"}],"about":[{"href":"https:\/\/www.textiletempo.com\/en\/wp-json\/wp\/v2\/types\/page"}],"author":[{"embeddable":true,"href":"https:\/\/www.textiletempo.com\/en\/wp-json\/wp\/v2\/users\/1"}],"replies":[{"embeddable":true,"href":"https:\/\/www.textiletempo.com\/en\/wp-json\/wp\/v2\/comments?post=206"}],"version-history":[{"count":0,"href":"https:\/\/www.textiletempo.com\/en\/wp-json\/wp\/v2\/pages\/206\/revisions"}],"wp:attachment":[{"href":"https:\/\/www.textiletempo.com\/en\/wp-json\/wp\/v2\/media?parent=206"}],"curies":[{"name":"wp","href":"https:\/\/api.w.org\/{rel}","templated":true}]}}